{"id":5,"date":"2021-10-06T18:22:43","date_gmt":"2021-10-06T18:22:43","guid":{"rendered":"http:\/\/ksistemi.kontoprom.com\/?page_id=5"},"modified":"2023-02-04T20:18:46","modified_gmt":"2023-02-04T20:18:46","slug":"create-your-website-with-blocks","status":"publish","type":"page","link":"https:\/\/ksistemi.com\/","title":{"rendered":"Sna\u017ena podr\u0161ka Va\u0161em poslovanju"},"content":{"rendered":"\n<p style=\"font-size:22px\">Agencija <strong>K-SISTEMI<\/strong> nudi <strong>rje\u0161enja<\/strong> i odgovore na pitanja <strong>u svakoj fazi Va\u0161eg poslovanja<\/strong><\/p>\n\n\n\n<p style=\"font-size:22px\"><\/p>\n\n\n\n<div class=\"wp-block-columns is-layout-flex wp-container-core-columns-is-layout-9d6595d7 wp-block-columns-is-layout-flex\">\n<div class=\"wp-block-column is-layout-flow wp-block-column-is-layout-flow\">\n<div class=\"wp-block-columns is-layout-flex wp-container-core-columns-is-layout-9d6595d7 wp-block-columns-is-layout-flex\">\n<div class=\"wp-block-column is-layout-flow wp-block-column-is-layout-flow\">\n<p>Znamo odgovore na pitanja: Da li registrovati SP ili DOO\u2026? Kako registrovati\u2026? Koliki su inicijalni tro\u0161kovi\u2026? Da li se treba fiskalizovati\u2026? Koji su uslovi i \u0161ta treba ispuniti\u2026? Kako zaposliti\u2026? Kako organizovati\u2026? Kako promovisati\u2026? Kako naplatiti\u2026? Kako u\u010destvovati na tenderu\u2026? Kako preregistrovati\u2026? Kako osnovati poslovnu jedinicu\u2026? Kako zatvoriti\u2026? I jo\u0161 mnogo drugih pitanja.<\/p>\n\n\n\n<p><\/p>\n\n\n\n<p>Nudimo pomo\u0107 i saradnju prilikom svakog va\u0161eg poslovnog koraka!<\/p>\n\n\n\n<p class=\"has-vivid-cyan-blue-color has-white-background-color has-text-color has-background has-medium-font-size\"><strong>Vrijeme je najvredniji resurs koji imate i zato ga ne treba gubiti u samostalnom traganju za rje\u0161enjima. S nama \u0161tedite i vrijeme i novac!<\/strong><\/p>\n<\/div>\n\n\n\n<div class=\"wp-block-column is-layout-flow wp-block-column-is-layout-flow\">\n<figure class=\"wp-block-image size-full is-resized\"><img loading=\"lazy\" decoding=\"async\" src=\"https:\/\/ksistemi.com\/wp-content\/uploads\/2021\/10\/logo2.png\" alt=\"\" class=\"wp-image-117\" width=\"277\" height=\"303\" srcset=\"https:\/\/ksistemi.com\/wp-content\/uploads\/2021\/10\/logo2.png 384w, https:\/\/ksistemi.com\/wp-content\/uploads\/2021\/10\/logo2-274x300.png 274w\" sizes=\"auto, (max-width: 277px) 100vw, 277px\" \/><\/figure>\n\n\n\n<h2 class=\"wp-block-heading\"><strong><a href=\"https:\/\/ksistemi.com\/?page_id=7\" data-type=\"URL\" data-id=\"https:\/\/ksistemi.com\/?page_id=7\">Ve\u0107 danas zaka\u017eite besplatne konsultacije!<\/a><\/strong><\/h2>\n<\/div>\n<\/div>\n<\/div>\n<\/div>\n\n\n\n<div class=\"wp-block-columns alignwide are-vertically-aligned-top is-layout-flex wp-container-core-columns-is-layout-9d6595d7 wp-block-columns-is-layout-flex\">\n<div class=\"wp-block-column is-vertically-aligned-top is-layout-flow wp-block-column-is-layout-flow\">\n<h4 class=\"wp-block-heading\">Administativno-kancelarijska podr\u0161ka<\/h4>\n\n\n\n<p>Nudimo pomo\u0107 u kreiranju i pribavljanju dokumenata potrebni za realizaciju svake faze Va\u0161eg poslovanja: osnivanje, izmjene u registraciji, regulisanje radnih osnosa, naplate potra\u017eivanja, kreiranja poslovnih politika i sistema&#8230;<\/p>\n\n\n\n<p><\/p>\n<\/div>\n\n\n\n<div class=\"wp-block-column is-vertically-aligned-top is-layout-flow wp-block-column-is-layout-flow\">\n<h4 class=\"wp-block-heading\">Virtuelna kancelarija \u2013 Iznajmljivanje adrese<\/h4>\n\n\n\n<p>\u017delite registrovati firmu u BiH, a posao obavljate na daljinu ili vam nije potreban prostor, rje\u0161enje za sjedi\u0161te mo\u017ee biti na\u0161a Virtuelna kacelarija. U uslugu je uklju\u010den prijem i prosle\u0111ivanje poslovne po\u0161te.<\/p>\n<\/div>\n\n\n\n<div class=\"wp-block-column is-vertically-aligned-top is-layout-flow wp-block-column-is-layout-flow\">\n<h4 class=\"wp-block-heading\">Poslovno savjetovanje<\/h4>\n\n\n\n<p>Dobra poslovna ideja tra\u017ei brzinu u odlu\u010divanju i dostupnost svih bitnih informacija u cilju pokretanja posla. Ne dozvolite da pitanja gu\u0161e va\u0161 posao! Sve potrebne informacije mo\u017eete dobiti u okviru K-sistema! <\/p>\n<\/div>\n<\/div>\n\n\n\n<p><\/p>\n","protected":false},"excerpt":{"rendered":"<p>Agencija K-SISTEMI nudi rje\u0161enja i odgovore na pitanja u svakoj fazi Va\u0161eg poslovanja Znamo odgovore na pitanja: Da li registrovati SP ili DOO\u2026? Kako registrovati\u2026? Koliki su inicijalni tro\u0161kovi\u2026? Da li se treba fiskalizovati\u2026? Koji su uslovi i \u0161ta treba ispuniti\u2026? Kako zaposliti\u2026? Kako organizovati\u2026? Kako promovisati\u2026? Kako naplatiti\u2026? Kako u\u010destvovati na tenderu\u2026? Kako preregistrovati\u2026? [&hellip;]<\/p>\n","protected":false},"author":1,"featured_media":0,"parent":0,"menu_order":0,"comment_status":"closed","ping_status":"closed","template":"","meta":{"footnotes":""},"class_list":["post-5","page","type-page","status-publish","hentry"],"_links":{"self":[{"href":"https:\/\/ksistemi.com\/index.php?rest_route=\/wp\/v2\/pages\/5","targetHints":{"allow":["GET"]}}],"collection":[{"href":"https:\/\/ksistemi.com\/index.php?rest_route=\/wp\/v2\/pages"}],"about":[{"href":"https:\/\/ksistemi.com\/index.php?rest_route=\/wp\/v2\/types\/page"}],"author":[{"embeddable":true,"href":"https:\/\/ksistemi.com\/index.php?rest_route=\/wp\/v2\/users\/1"}],"replies":[{"embeddable":true,"href":"https:\/\/ksistemi.com\/index.php?rest_route=%2Fwp%2Fv2%2Fcomments&post=5"}],"version-history":[{"count":40,"href":"https:\/\/ksistemi.com\/index.php?rest_route=\/wp\/v2\/pages\/5\/revisions"}],"predecessor-version":[{"id":203,"href":"https:\/\/ksistemi.com\/index.php?rest_route=\/wp\/v2\/pages\/5\/revisions\/203"}],"wp:attachment":[{"href":"https:\/\/ksistemi.com\/index.php?rest_route=%2Fwp%2Fv2%2Fmedia&parent=5"}],"curies":[{"name":"wp","href":"https:\/\/api.w.org\/{rel}","templated":true}]}}